{"id":511,"date":"2019-10-23T12:25:20","date_gmt":"2019-10-23T12:25:20","guid":{"rendered":"https:\/\/cahspr.dev.pcomms.ca\/?page_id=511"},"modified":"2019-10-23T13:47:44","modified_gmt":"2019-10-23T13:47:44","slug":"la-communaute","status":"publish","type":"page","link":"https:\/\/cahspr.ca\/fr\/la-communaute\/","title":{"rendered":"Communaut\u00e9"},"content":{"rendered":"[vc_row type=\u00a0\u00bbin_container\u00a0\u00bb full_screen_row_position=\u00a0\u00bbmiddle\u00a0\u00bb column_margin=\u00a0\u00bbdefault\u00a0\u00bb scene_position=\u00a0\u00bbcenter\u00a0\u00bb text_color=\u00a0\u00bbdark\u00a0\u00bb text_align=\u00a0\u00bbleft\u00a0\u00bb top_padding=\u00a0\u00bb70&Prime; bottom_padding=\u00a0\u00bb50&Prime; overlay_strength=\u00a0\u00bb0.3&Prime; shape_divider_position=\u00a0\u00bbbottom\u00a0\u00bb bg_image_animation=\u00a0\u00bbnone\u00a0\u00bb shape_type=\u00a0\u00bb\u00a0\u00bb][vc_column column_padding=\u00a0\u00bbno-extra-padding\u00a0\u00bb column_padding_position=\u00a0\u00bball\u00a0\u00bb background_color_opacity=\u00a0\u00bb1&Prime; background_hover_color_opacity=\u00a0\u00bb1&Prime; column_link_target=\u00a0\u00bb_self\u00a0\u00bb column_shadow=\u00a0\u00bbnone\u00a0\u00bb column_border_radius=\u00a0\u00bbnone\u00a0\u00bb width=\u00a0\u00bb1\/6&Prime; tablet_width_inherit=\u00a0\u00bbdefault\u00a0\u00bb tablet_text_alignment=\u00a0\u00bbdefault\u00a0\u00bb phone_text_alignment=\u00a0\u00bbdefault\u00a0\u00bb overlay_strength=\u00a0\u00bb0.3&Prime; column_border_width=\u00a0\u00bbnone\u00a0\u00bb column_border_style=\u00a0\u00bbsolid\u00a0\u00bb bg_image_animation=\u00a0\u00bbnone\u00a0\u00bb][\/vc_column][vc_column column_padding=\u00a0\u00bbno-extra-padding\u00a0\u00bb column_padding_position=\u00a0\u00bball\u00a0\u00bb background_color_opacity=\u00a0\u00bb1&Prime; background_hover_color_opacity=\u00a0\u00bb1&Prime; column_link_target=\u00a0\u00bb_self\u00a0\u00bb column_shadow=\u00a0\u00bbnone\u00a0\u00bb column_border_radius=\u00a0\u00bbnone\u00a0\u00bb width=\u00a0\u00bb2\/3&Prime; tablet_width_inherit=\u00a0\u00bbdefault\u00a0\u00bb tablet_text_alignment=\u00a0\u00bbdefault\u00a0\u00bb phone_text_alignment=\u00a0\u00bbdefault\u00a0\u00bb overlay_strength=\u00a0\u00bb0.3&Prime; column_border_width=\u00a0\u00bbnone\u00a0\u00bb column_border_style=\u00a0\u00bbsolid\u00a0\u00bb bg_image_animation=\u00a0\u00bbnone\u00a0\u00bb][vc_column_text]L\u2019ACRSPS est une communaut\u00e9 dynamique compos\u00e9e d\u2019un groupe diversifi\u00e9 de membres issus d\u2019un \u00e9ventail d\u2019horizons et de disciplines qui partagent un int\u00e9r\u00eat commun pour la recherche sur les services et les politiques de sant\u00e9. Nous avons dress\u00e9 une liste de ressources et de renseignements susceptibles de vous int\u00e9resser. Nous vous invitions \u00e0 prendre quelques instants pour parcourir cette section du site internet car il contient des outils et des ressources dont vous pourriez b\u00e9n\u00e9ficier.<\/p>\n<h2>Qu\u2019est-ce que la recherche sur les services et les politiques de la sant\u00e9?<\/h2>\n<p>La recherche sur les services et les politiques de la sant\u00e9 (HSPR) est un domaine englobant une grande vari\u00e9t\u00e9 de sujets et de m\u00e9thodes d\u2019investigation et offrant une panoplie de carri\u00e8res tout aussi vari\u00e9es. L\u2019\u00e9l\u00e9ment central de ce domaine de recherche diversifi\u00e9 et interdisciplinaire est l\u2019\u00e9valuation et l\u2019am\u00e9lioration des m\u00e9thodes d\u2019organisation, de financement et de prestation des soins de sant\u00e9.<\/p>\n<p><strong>La recherche sur les services de sant\u00e9<\/strong>\u00a0et un champ scientifique multidisciplinaire concernant la mesure et l\u2019am\u00e9lioration de la qualit\u00e9, de l\u2019accessibilit\u00e9, de l\u2019abordadilit\u00e9 et de l\u2019organisation des services de sant\u00e9.\u00a0<em>(D\u00e9finition adapt\u00e9e de la Coalition for Health Services Research, 2006)<\/em><\/p>\n<p><strong>La recherche sur les politiques de la sant\u00e9<\/strong>\u00a0est un champ multidisciplinaire englobant l\u2019analyse des politiques publiques touchant le syst\u00e8me de sant\u00e9 et la sant\u00e9 des populations, ainsi que l\u2019examen attentif du processus d\u2019\u00e9laboration des politiques et de la mani\u00e8re dont il est influenc\u00e9 par les id\u00e9es, les int\u00e9r\u00eats et les arrangements institutionnels.\u00a0<em>(D\u00e9finition adapt\u00e9e de Field of Dreams: Strengthening Health Policy Scholarship in Canada, Centre for Health Economics and Policy Analysis, 2007)<\/em><\/p>\n<p><strong>L\u2019\u00e9conomie de la sant\u00e9<\/strong>\u00a0est l\u2019\u00e9tude de la r\u00e9partition de ressources rares entre divers usages possibles concernant la promotion, le maintien et l\u2019am\u00e9lioration de la sant\u00e9, notamment la mani\u00e8re dont les soins et services de sant\u00e9, ainsi que leurs co\u00fbts et b\u00e9n\u00e9fices, ainsi que la sant\u00e9 elle-m\u00eame, sont r\u00e9partis entre les individus et les groupes de la soci\u00e9t\u00e9.\u00a0<em>(D\u00e9finition adapt\u00e9e de Journal of Mental Health Policy and Economics, 2006)<\/em><\/p>\n<p><strong>L\u2019\u00e9valuation des technologies<\/strong>\u00a0de la sant\u00e9 est l\u2019\u00e9valuation syst\u00e9matique des propri\u00e9t\u00e9s, des effets et des retomb\u00e9es des technologies de prestation des soins de sant\u00e9. Son objectif essentiel est de fournir des informations objectives pour appuyer la prise de d\u00e9cision et l\u2019\u00e9laboration de politiques aux paliers local, r\u00e9gional, national et international.<\/p>\n[\/vc_column_text][\/vc_column][vc_column column_padding=\u00a0\u00bbno-extra-padding\u00a0\u00bb column_padding_position=\u00a0\u00bball\u00a0\u00bb background_color_opacity=\u00a0\u00bb1&Prime; background_hover_color_opacity=\u00a0\u00bb1&Prime; column_link_target=\u00a0\u00bb_self\u00a0\u00bb column_shadow=\u00a0\u00bbnone\u00a0\u00bb column_border_radius=\u00a0\u00bbnone\u00a0\u00bb width=\u00a0\u00bb1\/6&Prime; tablet_width_inherit=\u00a0\u00bbdefault\u00a0\u00bb tablet_text_alignment=\u00a0\u00bbdefault\u00a0\u00bb phone_text_alignment=\u00a0\u00bbdefault\u00a0\u00bb overlay_strength=\u00a0\u00bb0.3&Prime; column_border_width=\u00a0\u00bbnone\u00a0\u00bb column_border_style=\u00a0\u00bbsolid\u00a0\u00bb bg_image_animation=\u00a0\u00bbnone\u00a0\u00bb][\/vc_column][\/vc_row]\n","protected":false},"excerpt":{"rendered":"<p>[vc_row type=\u00a0\u00bbin_container\u00a0\u00bb full_screen_row_position=\u00a0\u00bbmiddle\u00a0\u00bb column_margin=\u00a0\u00bbdefault\u00a0\u00bb scene_position=\u00a0\u00bbcenter\u00a0\u00bb text_color=\u00a0\u00bbdark\u00a0\u00bb text_align=\u00a0\u00bbleft\u00a0\u00bb top_padding=\u00a0\u00bb70&Prime; bottom_padding=\u00a0\u00bb50&Prime; overlay_strength=\u00a0\u00bb0.3&Prime; shape_divider_position=\u00a0\u00bbbottom\u00a0\u00bb bg_image_animation=\u00a0\u00bbnone\u00a0\u00bb shape_type=\u00a0\u00bb\u00a0\u00bb][vc_column column_padding=\u00a0\u00bbno-extra-padding\u00a0\u00bb column_padding_position=\u00a0\u00bball\u00a0\u00bb background_color_opacity=\u00a0\u00bb1&Prime; background_hover_color_opacity=\u00a0\u00bb1&Prime; column_link_target=\u00a0\u00bb_self\u00a0\u00bb column_shadow=\u00a0\u00bbnone\u00a0\u00bb column_border_radius=\u00a0\u00bbnone\u00a0\u00bb width=\u00a0\u00bb1\/6&Prime; tablet_width_inherit=\u00a0\u00bbdefault\u00a0\u00bb tablet_text_alignment=\u00a0\u00bbdefault\u00a0\u00bb phone_text_alignment=\u00a0\u00bbdefault\u00a0\u00bb overlay_strength=\u00a0\u00bb0.3&Prime; column_border_width=\u00a0\u00bbnone\u00a0\u00bb column_border_style=\u00a0\u00bbsolid\u00a0\u00bb bg_image_animation=\u00a0\u00bbnone\u00a0\u00bb][\/vc_column][vc_column column_padding=\u00a0\u00bbno-extra-padding\u00a0\u00bb column_padding_position=\u00a0\u00bball\u00a0\u00bb&#8230;<\/p>\n","protected":false},"author":1,"featured_media":0,"parent":0,"menu_order":0,"comment_status":"closed","ping_status":"closed","template":"","meta":{"footnotes":""},"class_list":["post-511","page","type-page","status-publish"],"_links":{"self":[{"href":"https:\/\/cahspr.ca\/fr\/wp-json\/wp\/v2\/pages\/511","targetHints":{"allow":["GET"]}}],"collection":[{"href":"https:\/\/cahspr.ca\/fr\/wp-json\/wp\/v2\/pages"}],"about":[{"href":"https:\/\/cahspr.ca\/fr\/wp-json\/wp\/v2\/types\/page"}],"author":[{"embeddable":true,"href":"https:\/\/cahspr.ca\/fr\/wp-json\/wp\/v2\/users\/1"}],"replies":[{"embeddable":true,"href":"https:\/\/cahspr.ca\/fr\/wp-json\/wp\/v2\/comments?post=511"}],"version-history":[{"count":0,"href":"https:\/\/cahspr.ca\/fr\/wp-json\/wp\/v2\/pages\/511\/revisions"}],"wp:attachment":[{"href":"https:\/\/cahspr.ca\/fr\/wp-json\/wp\/v2\/media?parent=511"}],"curies":[{"name":"wp","href":"https:\/\/api.w.org\/{rel}","templated":true}]}}