{"id":501,"date":"2019-10-08T15:10:05","date_gmt":"2019-10-08T19:10:05","guid":{"rendered":"https:\/\/cahspr.dev.pcomms.ca\/?page_id=501"},"modified":"2026-03-10T12:50:38","modified_gmt":"2026-03-10T16:50:38","slug":"partenariats-de-collaboration-pour-lamelioration-des-services-en-sante","status":"publish","type":"page","link":"https:\/\/cahspr.ca\/fr\/groupes-thematiques\/partenariats-de-collaboration-pour-lamelioration-des-services-en-sante\/","title":{"rendered":"Partenariats de collaboration pour l\u2019am\u00e9lioration des services en sant\u00e9"},"content":{"rendered":"[vc_row type=\u00a0\u00bbin_container\u00a0\u00bb full_screen_row_position=\u00a0\u00bbmiddle\u00a0\u00bb column_margin=\u00a0\u00bbdefault\u00a0\u00bb column_direction=\u00a0\u00bbdefault\u00a0\u00bb column_direction_tablet=\u00a0\u00bbdefault\u00a0\u00bb column_direction_phone=\u00a0\u00bbdefault\u00a0\u00bb scene_position=\u00a0\u00bbcenter\u00a0\u00bb top_padding=\u00a0\u00bb60&Prime; text_color=\u00a0\u00bbdark\u00a0\u00bb text_align=\u00a0\u00bbleft\u00a0\u00bb row_border_radius=\u00a0\u00bbnone\u00a0\u00bb row_border_radius_applies=\u00a0\u00bbbg\u00a0\u00bb overflow=\u00a0\u00bbvisible\u00a0\u00bb overlay_strength=\u00a0\u00bb0.3&Prime; gradient_direction=\u00a0\u00bbleft_to_right\u00a0\u00bb shape_divider_position=\u00a0\u00bbbottom\u00a0\u00bb bg_image_animation=\u00a0\u00bbnone\u00a0\u00bb shape_type=\u00a0\u00bb\u00a0\u00bb][vc_column column_padding=\u00a0\u00bbno-extra-padding\u00a0\u00bb column_padding_tablet=\u00a0\u00bbinherit\u00a0\u00bb column_padding_phone=\u00a0\u00bbinherit\u00a0\u00bb column_padding_position=\u00a0\u00bball\u00a0\u00bb column_element_direction_desktop=\u00a0\u00bbdefault\u00a0\u00bb column_element_spacing=\u00a0\u00bbdefault\u00a0\u00bb desktop_text_alignment=\u00a0\u00bbdefault\u00a0\u00bb tablet_text_alignment=\u00a0\u00bbdefault\u00a0\u00bb phone_text_alignment=\u00a0\u00bbdefault\u00a0\u00bb background_color_opacity=\u00a0\u00bb1&Prime; background_hover_color_opacity=\u00a0\u00bb1&Prime; column_backdrop_filter=\u00a0\u00bbnone\u00a0\u00bb column_shadow=\u00a0\u00bbnone\u00a0\u00bb column_border_radius=\u00a0\u00bbnone\u00a0\u00bb column_link_target=\u00a0\u00bb_self\u00a0\u00bb column_position=\u00a0\u00bbdefault\u00a0\u00bb gradient_direction=\u00a0\u00bbleft_to_right\u00a0\u00bb overlay_strength=\u00a0\u00bb0.3&Prime; width=\u00a0\u00bb1\/6&Prime; tablet_width_inherit=\u00a0\u00bbdefault\u00a0\u00bb animation_type=\u00a0\u00bbdefault\u00a0\u00bb bg_image_animation=\u00a0\u00bbnone\u00a0\u00bb border_type=\u00a0\u00bbsimple\u00a0\u00bb column_border_width=\u00a0\u00bbnone\u00a0\u00bb column_border_style=\u00a0\u00bbsolid\u00a0\u00bb][\/vc_column][vc_column column_padding=\u00a0\u00bbno-extra-padding\u00a0\u00bb column_padding_tablet=\u00a0\u00bbinherit\u00a0\u00bb column_padding_phone=\u00a0\u00bbinherit\u00a0\u00bb column_padding_position=\u00a0\u00bball\u00a0\u00bb column_element_direction_desktop=\u00a0\u00bbdefault\u00a0\u00bb column_element_spacing=\u00a0\u00bbdefault\u00a0\u00bb desktop_text_alignment=\u00a0\u00bbdefault\u00a0\u00bb tablet_text_alignment=\u00a0\u00bbdefault\u00a0\u00bb phone_text_alignment=\u00a0\u00bbdefault\u00a0\u00bb background_color_opacity=\u00a0\u00bb1&Prime; background_hover_color_opacity=\u00a0\u00bb1&Prime; column_backdrop_filter=\u00a0\u00bbnone\u00a0\u00bb column_shadow=\u00a0\u00bbnone\u00a0\u00bb column_border_radius=\u00a0\u00bbnone\u00a0\u00bb column_link_target=\u00a0\u00bb_self\u00a0\u00bb column_position=\u00a0\u00bbdefault\u00a0\u00bb gradient_direction=\u00a0\u00bbleft_to_right\u00a0\u00bb overlay_strength=\u00a0\u00bb0.3&Prime; width=\u00a0\u00bb2\/3&Prime; tablet_width_inherit=\u00a0\u00bbdefault\u00a0\u00bb animation_type=\u00a0\u00bbdefault\u00a0\u00bb bg_image_animation=\u00a0\u00bbnone\u00a0\u00bb border_type=\u00a0\u00bbsimple\u00a0\u00bb column_border_width=\u00a0\u00bbnone\u00a0\u00bb column_border_style=\u00a0\u00bbsolid\u00a0\u00bb]<div class=\"nectar-fancy-ul\" data-list-icon=\"fa fa-star\" data-animation=\"false\" data-animation-delay=\"0\" data-color=\"extra-color-2\" data-spacing=\"10px\" data-alignment=\"left\"> \n<h2>Contexte &amp; objet<\/h2>\n<p>On reconna\u00eet g\u00e9n\u00e9ralement que l\u2019interaction entre chercheurs, prestataires de premi\u00e8re ligne, cliniciens, gestionnaires et d\u00e9cideurs politiques est essentielle \u00e0 l\u2019am\u00e9lioration de la pertinence et de l\u2019utilisation de la recherche, ainsi qu\u2019au renforcement de l\u2019organisation, de la prestation et des r\u00e9sultats en mati\u00e8re de soins de sant\u00e9. On qualifie souvent ces interactions d\u2019application int\u00e9gr\u00e9e de connaissances. Ces interactions sont difficiles \u00e0 r\u00e9aliser et \u00e0 maintenir et doivent pourtant \u00eatre favoris\u00e9es dans la dur\u00e9e. L\u2019expression Partenariats de collaboration pour l\u2019am\u00e9lioration des services de sant\u00e9 (CHIPs) refl\u00e8te mieux l\u2019id\u00e9e qu\u2019il y a lieu de pr\u00e9voir ces interactions entre personnes et groupes afin d\u2019identifier et de r\u00e9soudre les probl\u00e8mes associ\u00e9s aux soins de sant\u00e9 en facilitant le passage de la recherche \u00e0 sa mise en application. Les \u00e9tudes montrent que l\u2019application int\u00e9gr\u00e9e des connaissances est confront\u00e9e \u00e0 bien des d\u00e9fis et, cons\u00e9quemment, que son emploi n\u2019est pas aussi r\u00e9pandu ou optimal que possible. Un effort compl\u00e9mentaire s\u2019impose pour promouvoir et faciliter l\u2019application int\u00e9gr\u00e9e de connaissances.<\/p>\n<p>Le but du groupe th\u00e9matique CHIPs consiste \u00e0 :<\/p>\n<ul>\n<li>Faire avancer la science qui sous-tend l\u2019application int\u00e9gr\u00e9e des connaissances en produisant des connaissances sur l\u2019amorce, la facilitation et l\u2019\u00e9valuation de l\u2019application int\u00e9gr\u00e9e des connaissances ainsi que la d\u00e9monstration de sont impact.<\/li>\n<li>Soutenir l\u2019application int\u00e9gr\u00e9e des connaissances par une meilleure compr\u00e9hension des perspectives, des int\u00e9r\u00eats et des besoins particuliers des chercheurs et des d\u00e9cideurs ; et concevoir des ressources p\u00e9dagogiques\/des outils en fonction de ces connaissances qui orienteront et encourageront l\u2019application int\u00e9gr\u00e9e des connaissances.<\/li>\n<li>Promouvoir la collaboration entre chercheurs et d\u00e9cideurs en favorisant le r\u00e9seautage offert par l\u2019abonnement \u00e0 l\u2019ACRSPS.<\/li>\n<li>Contribuer au renforcement des capacit\u00e9s, notamment en favorisant la participation des stagiaires aux activit\u00e9s du groupe th\u00e9matique CHIPs et en sensibilisant tous les membres de l\u2019ACRSPS \u00e0 l\u2019occasion de s\u00e9ances sous-pl\u00e9ni\u00e8res des r\u00e9unions annuelles de l\u2019ACRSPS.<\/li>\n<\/ul>\n<p>En d\u00e9finitive, cela pourrait d\u00e9boucher sur une am\u00e9lioration de l\u2019utilisation de la recherche sur les services de sant\u00e9 dans le processus d\u00e9cisionnel, relevant du m\u00eame coup la prestation et les r\u00e9sultats en services de sant\u00e9. <\/div><div class=\"nectar-fancy-ul\" data-list-icon=\"fa fa-star\" data-animation=\"false\" data-animation-delay=\"0\" data-color=\"extra-color-2\" data-spacing=\"10px\" data-alignment=\"left\"> \n<h2>Organisation &amp; Direction<\/h2>\n<p>Les copr\u00e9sidentes sont :<\/p>\n<ul>\n<li>Shannon Sibbald, Universit\u00e9 Western Ontario<\/li>\n<li>Jennifer Verma, McMaster Health Forum, McMaster University<\/li>\n<\/ul>\n<p>Le comit\u00e9 directeur est compos\u00e9 de :<\/p>\n<ul>\n<li>Melissa Brouwers, Universit\u00e9 McMaster ;<\/li>\n<li>Kirk Nylen, Institut Ontarien du Cerveau<\/li>\n<li>Mary Ann O\u2019Brien, Universit\u00e9 de Toronto<\/li>\n<li>Chris McCutcheon, IKT Network<\/li>\n<\/ul>\n <\/div>[\/vc_column][vc_column column_padding=\u00a0\u00bbno-extra-padding\u00a0\u00bb column_padding_tablet=\u00a0\u00bbinherit\u00a0\u00bb column_padding_phone=\u00a0\u00bbinherit\u00a0\u00bb column_padding_position=\u00a0\u00bball\u00a0\u00bb column_element_direction_desktop=\u00a0\u00bbdefault\u00a0\u00bb column_element_spacing=\u00a0\u00bbdefault\u00a0\u00bb desktop_text_alignment=\u00a0\u00bbdefault\u00a0\u00bb tablet_text_alignment=\u00a0\u00bbdefault\u00a0\u00bb phone_text_alignment=\u00a0\u00bbdefault\u00a0\u00bb background_color_opacity=\u00a0\u00bb1&Prime; background_hover_color_opacity=\u00a0\u00bb1&Prime; column_backdrop_filter=\u00a0\u00bbnone\u00a0\u00bb column_shadow=\u00a0\u00bbnone\u00a0\u00bb column_border_radius=\u00a0\u00bbnone\u00a0\u00bb column_link_target=\u00a0\u00bb_self\u00a0\u00bb column_position=\u00a0\u00bbdefault\u00a0\u00bb gradient_direction=\u00a0\u00bbleft_to_right\u00a0\u00bb overlay_strength=\u00a0\u00bb0.3&Prime; width=\u00a0\u00bb1\/6&Prime; tablet_width_inherit=\u00a0\u00bbdefault\u00a0\u00bb animation_type=\u00a0\u00bbdefault\u00a0\u00bb bg_image_animation=\u00a0\u00bbnone\u00a0\u00bb border_type=\u00a0\u00bbsimple\u00a0\u00bb column_border_width=\u00a0\u00bbnone\u00a0\u00bb column_border_style=\u00a0\u00bbsolid\u00a0\u00bb][\/vc_column][\/vc_row]\n","protected":false},"excerpt":{"rendered":"<p>[vc_row type=\u00a0\u00bbin_container\u00a0\u00bb full_screen_row_position=\u00a0\u00bbmiddle\u00a0\u00bb column_margin=\u00a0\u00bbdefault\u00a0\u00bb column_direction=\u00a0\u00bbdefault\u00a0\u00bb column_direction_tablet=\u00a0\u00bbdefault\u00a0\u00bb column_direction_phone=\u00a0\u00bbdefault\u00a0\u00bb scene_position=\u00a0\u00bbcenter\u00a0\u00bb top_padding=\u00a0\u00bb60&Prime; text_color=\u00a0\u00bbdark\u00a0\u00bb text_align=\u00a0\u00bbleft\u00a0\u00bb row_border_radius=\u00a0\u00bbnone\u00a0\u00bb row_border_radius_applies=\u00a0\u00bbbg\u00a0\u00bb overflow=\u00a0\u00bbvisible\u00a0\u00bb overlay_strength=\u00a0\u00bb0.3&Prime; gradient_direction=\u00a0\u00bbleft_to_right\u00a0\u00bb shape_divider_position=\u00a0\u00bbbottom\u00a0\u00bb bg_image_animation=\u00a0\u00bbnone\u00a0\u00bb shape_type=\u00a0\u00bb\u00a0\u00bb][vc_column column_padding=\u00a0\u00bbno-extra-padding\u00a0\u00bb column_padding_tablet=\u00a0\u00bbinherit\u00a0\u00bb column_padding_phone=\u00a0\u00bbinherit\u00a0\u00bb column_padding_position=\u00a0\u00bball\u00a0\u00bb column_element_direction_desktop=\u00a0\u00bbdefault\u00a0\u00bb column_element_spacing=\u00a0\u00bbdefault\u00a0\u00bb desktop_text_alignment=\u00a0\u00bbdefault\u00a0\u00bb tablet_text_alignment=\u00a0\u00bbdefault\u00a0\u00bb phone_text_alignment=\u00a0\u00bbdefault\u00a0\u00bb background_color_opacity=\u00a0\u00bb1&Prime; background_hover_color_opacity=\u00a0\u00bb1&Prime;&#8230;<\/p>\n","protected":false},"author":1,"featured_media":0,"parent":497,"menu_order":0,"comment_status":"closed","ping_status":"closed","template":"","meta":{"footnotes":""},"class_list":["post-501","page","type-page","status-publish"],"_links":{"self":[{"href":"https:\/\/cahspr.ca\/fr\/wp-json\/wp\/v2\/pages\/501","targetHints":{"allow":["GET"]}}],"collection":[{"href":"https:\/\/cahspr.ca\/fr\/wp-json\/wp\/v2\/pages"}],"about":[{"href":"https:\/\/cahspr.ca\/fr\/wp-json\/wp\/v2\/types\/page"}],"author":[{"embeddable":true,"href":"https:\/\/cahspr.ca\/fr\/wp-json\/wp\/v2\/users\/1"}],"replies":[{"embeddable":true,"href":"https:\/\/cahspr.ca\/fr\/wp-json\/wp\/v2\/comments?post=501"}],"version-history":[{"count":1,"href":"https:\/\/cahspr.ca\/fr\/wp-json\/wp\/v2\/pages\/501\/revisions"}],"predecessor-version":[{"id":16233,"href":"https:\/\/cahspr.ca\/fr\/wp-json\/wp\/v2\/pages\/501\/revisions\/16233"}],"up":[{"embeddable":true,"href":"https:\/\/cahspr.ca\/fr\/wp-json\/wp\/v2\/pages\/497"}],"wp:attachment":[{"href":"https:\/\/cahspr.ca\/fr\/wp-json\/wp\/v2\/media?parent=501"}],"curies":[{"name":"wp","href":"https:\/\/api.w.org\/{rel}","templated":true}]}}